{"id":6119,"date":"2018-10-26T16:16:29","date_gmt":"2018-10-26T14:16:29","guid":{"rendered":"https:\/\/kambly.com\/fuer-firmenkunden\/edle-dosen\/"},"modified":"2019-03-13T15:25:44","modified_gmt":"2019-03-13T13:25:44","slug":"elegantes-boites","status":"publish","type":"page","link":"https:\/\/kambly.com\/fr\/pour-clientele-commerciale\/elegantes-boites\/","title":{"rendered":"\u00c9l\u00e9gantes bo\u00eetes"},"content":{"rendered":"","protected":false},"excerpt":{"rendered":"","protected":false},"author":1,"featured_media":0,"parent":5991,"menu_order":439,"comment_status":"closed","ping_status":"closed","template":"template-products-company-type.blade.php","meta":{"_acf_changed":false},"class_list":["post-6119","page","type-page","status-publish","hentry"],"acf":[],"_links":{"self":[{"href":"https:\/\/kambly.com\/fr\/wp-json\/wp\/v2\/pages\/6119","targetHints":{"allow":["GET"]}}],"collection":[{"href":"https:\/\/kambly.com\/fr\/wp-json\/wp\/v2\/pages"}],"about":[{"href":"https:\/\/kambly.com\/fr\/wp-json\/wp\/v2\/types\/page"}],"author":[{"embeddable":true,"href":"https:\/\/kambly.com\/fr\/wp-json\/wp\/v2\/users\/1"}],"replies":[{"embeddable":true,"href":"https:\/\/kambly.com\/fr\/wp-json\/wp\/v2\/comments?post=6119"}],"version-history":[{"count":2,"href":"https:\/\/kambly.com\/fr\/wp-json\/wp\/v2\/pages\/6119\/revisions"}],"predecessor-version":[{"id":7667,"href":"https:\/\/kambly.com\/fr\/wp-json\/wp\/v2\/pages\/6119\/revisions\/7667"}],"up":[{"embeddable":true,"href":"https:\/\/kambly.com\/fr\/wp-json\/wp\/v2\/pages\/5991"}],"wp:attachment":[{"href":"https:\/\/kambly.com\/fr\/wp-json\/wp\/v2\/media?parent=6119"}],"curies":[{"name":"wp","href":"https:\/\/api.w.org\/{rel}","templated":true}]}}